{"id":203,"date":"2018-04-27T17:14:13","date_gmt":"2018-04-27T15:14:13","guid":{"rendered":"https:\/\/chambres-hotes-pessacleognan.fr\/tarifs-reservations\/"},"modified":"2018-05-24T18:42:06","modified_gmt":"2018-05-24T16:42:06","slug":"tarifs-reservations","status":"publish","type":"page","link":"http:\/\/www.chambres-hotes-pessacleognan.fr\/en\/tarifs-reservations\/","title":{"rendered":"Rates &#038; Booking"},"content":{"rendered":"<div class=\"wp_novaresa\">\r\n\t<script src=\"https:\/\/www.novaresa.net\/js\/widget\/widget.js\" type=\"text\/javascript\" defer=\"defer\" ><\/script>\r\n\t<div id=\"widget-novaresa\" data-id=\"2654\" data-lang=\"en\" data-color=\"\"><\/div>\r\n<\/div>\r\n\n","protected":false},"excerpt":{"rendered":"","protected":false},"author":4,"featured_media":0,"parent":0,"menu_order":0,"comment_status":"closed","ping_status":"closed","template":"","meta":[],"yoast_head":"<!-- This site is optimized with the Yoast SEO plugin v20.8 - https:\/\/yoast.com\/wordpress\/plugins\/seo\/ -->\n<title>Rates &amp; Booking - Chambres d&#039;h\u00f4tes Pessac-L\u00e9ognan<\/title>\n<meta name=\"robots\" content=\"index, follow, max-snippet:-1, max-image-preview:large, max-video-preview:-1\" \/>\n<link rel=\"canonical\" href=\"http:\/\/www.chambres-hotes-pessacleognan.fr\/en\/tarifs-reservations\/\" \/>\n<meta property=\"og:locale\" content=\"en_US\" \/>\n<meta property=\"og:type\" content=\"article\" \/>\n<meta property=\"og:title\" content=\"Rates &amp; Booking - Chambres d&#039;h\u00f4tes Pessac-L\u00e9ognan\" \/>\n<meta property=\"og:url\" content=\"http:\/\/www.chambres-hotes-pessacleognan.fr\/en\/tarifs-reservations\/\" \/>\n<meta property=\"og:site_name\" content=\"Chambres d&#039;h\u00f4tes Pessac-L\u00e9ognan\" \/>\n<meta property=\"article:modified_time\" content=\"2018-05-24T16:42:06+00:00\" \/>\n<meta name=\"twitter:card\" content=\"summary_large_image\" \/>\n<script type=\"application\/ld+json\" class=\"yoast-schema-graph\">{\"@context\":\"https:\/\/schema.org\",\"@graph\":[{\"@type\":\"WebPage\",\"@id\":\"http:\/\/www.chambres-hotes-pessacleognan.fr\/en\/tarifs-reservations\/\",\"url\":\"http:\/\/www.chambres-hotes-pessacleognan.fr\/en\/tarifs-reservations\/\",\"name\":\"Rates & Booking - Chambres d&#039;h\u00f4tes Pessac-L\u00e9ognan\",\"isPartOf\":{\"@id\":\"http:\/\/www.chambres-hotes-pessacleognan.fr\/#website\"},\"datePublished\":\"2018-04-27T15:14:13+00:00\",\"dateModified\":\"2018-05-24T16:42:06+00:00\",\"breadcrumb\":{\"@id\":\"http:\/\/www.chambres-hotes-pessacleognan.fr\/en\/tarifs-reservations\/#breadcrumb\"},\"inLanguage\":\"en-US\",\"potentialAction\":[{\"@type\":\"ReadAction\",\"target\":[\"http:\/\/www.chambres-hotes-pessacleognan.fr\/en\/tarifs-reservations\/\"]}]},{\"@type\":\"BreadcrumbList\",\"@id\":\"http:\/\/www.chambres-hotes-pessacleognan.fr\/en\/tarifs-reservations\/#breadcrumb\",\"itemListElement\":[{\"@type\":\"ListItem\",\"position\":1,\"name\":\"Accueil\",\"item\":\"http:\/\/www.chambres-hotes-pessacleognan.fr\/en\/\"},{\"@type\":\"ListItem\",\"position\":2,\"name\":\"Rates &#038; Booking\"}]},{\"@type\":\"WebSite\",\"@id\":\"http:\/\/www.chambres-hotes-pessacleognan.fr\/#website\",\"url\":\"http:\/\/www.chambres-hotes-pessacleognan.fr\/\",\"name\":\"Chambres d&#039;h\u00f4tes Pessac-L\u00e9ognan\",\"description\":\"Bienvenue au ch\u00e2teau Pont Saint-Martin\",\"potentialAction\":[{\"@type\":\"SearchAction\",\"target\":{\"@type\":\"EntryPoint\",\"urlTemplate\":\"http:\/\/www.chambres-hotes-pessacleognan.fr\/?s={search_term_string}\"},\"query-input\":\"required name=search_term_string\"}],\"inLanguage\":\"en-US\"}]}<\/script>\n<!-- \/ Yoast SEO plugin. -->","yoast_head_json":{"title":"Rates & Booking - Chambres d&#039;h\u00f4tes Pessac-L\u00e9ognan","robots":{"index":"index","follow":"follow","max-snippet":"max-snippet:-1","max-image-preview":"max-image-preview:large","max-video-preview":"max-video-preview:-1"},"canonical":"http:\/\/www.chambres-hotes-pessacleognan.fr\/en\/tarifs-reservations\/","og_locale":"en_US","og_type":"article","og_title":"Rates & Booking - Chambres d&#039;h\u00f4tes Pessac-L\u00e9ognan","og_url":"http:\/\/www.chambres-hotes-pessacleognan.fr\/en\/tarifs-reservations\/","og_site_name":"Chambres d&#039;h\u00f4tes Pessac-L\u00e9ognan","article_modified_time":"2018-05-24T16:42:06+00:00","twitter_card":"summary_large_image","schema":{"@context":"https:\/\/schema.org","@graph":[{"@type":"WebPage","@id":"http:\/\/www.chambres-hotes-pessacleognan.fr\/en\/tarifs-reservations\/","url":"http:\/\/www.chambres-hotes-pessacleognan.fr\/en\/tarifs-reservations\/","name":"Rates & Booking - Chambres d&#039;h\u00f4tes Pessac-L\u00e9ognan","isPartOf":{"@id":"http:\/\/www.chambres-hotes-pessacleognan.fr\/#website"},"datePublished":"2018-04-27T15:14:13+00:00","dateModified":"2018-05-24T16:42:06+00:00","breadcrumb":{"@id":"http:\/\/www.chambres-hotes-pessacleognan.fr\/en\/tarifs-reservations\/#breadcrumb"},"inLanguage":"en-US","potentialAction":[{"@type":"ReadAction","target":["http:\/\/www.chambres-hotes-pessacleognan.fr\/en\/tarifs-reservations\/"]}]},{"@type":"BreadcrumbList","@id":"http:\/\/www.chambres-hotes-pessacleognan.fr\/en\/tarifs-reservations\/#breadcrumb","itemListElement":[{"@type":"ListItem","position":1,"name":"Accueil","item":"http:\/\/www.chambres-hotes-pessacleognan.fr\/en\/"},{"@type":"ListItem","position":2,"name":"Rates &#038; Booking"}]},{"@type":"WebSite","@id":"http:\/\/www.chambres-hotes-pessacleognan.fr\/#website","url":"http:\/\/www.chambres-hotes-pessacleognan.fr\/","name":"Chambres d&#039;h\u00f4tes Pessac-L\u00e9ognan","description":"Bienvenue au ch\u00e2teau Pont Saint-Martin","potentialAction":[{"@type":"SearchAction","target":{"@type":"EntryPoint","urlTemplate":"http:\/\/www.chambres-hotes-pessacleognan.fr\/?s={search_term_string}"},"query-input":"required name=search_term_string"}],"inLanguage":"en-US"}]}},"_links":{"self":[{"href":"http:\/\/www.chambres-hotes-pessacleognan.fr\/en\/wp-json\/wp\/v2\/pages\/203\/"}],"collection":[{"href":"http:\/\/www.chambres-hotes-pessacleognan.fr\/en\/wp-json\/wp\/v2\/pages\/"}],"about":[{"href":"http:\/\/www.chambres-hotes-pessacleognan.fr\/en\/wp-json\/wp\/v2\/types\/page\/"}],"author":[{"embeddable":true,"href":"http:\/\/www.chambres-hotes-pessacleognan.fr\/en\/wp-json\/wp\/v2\/users\/4\/"}],"replies":[{"embeddable":true,"href":"http:\/\/www.chambres-hotes-pessacleognan.fr\/en\/wp-json\/wp\/v2\/comments\/?post=203"}],"version-history":[{"count":4,"href":"http:\/\/www.chambres-hotes-pessacleognan.fr\/en\/wp-json\/wp\/v2\/pages\/203\/revisions\/"}],"predecessor-version":[{"id":252,"href":"http:\/\/www.chambres-hotes-pessacleognan.fr\/en\/wp-json\/wp\/v2\/pages\/203\/revisions\/252\/"}],"wp:attachment":[{"href":"http:\/\/www.chambres-hotes-pessacleognan.fr\/en\/wp-json\/wp\/v2\/media\/?parent=203"}],"curies":[{"name":"wp","href":"https:\/\/api.w.org\/{rel}","templated":true}]}}