{"id":176,"date":"2018-05-16T15:13:01","date_gmt":"2018-05-16T13:13:01","guid":{"rendered":"https:\/\/chambres-hotes-pessacleognan.fr\/accueil\/"},"modified":"2018-05-28T14:25:35","modified_gmt":"2018-05-28T12:25:35","slug":"accueil","status":"publish","type":"page","link":"http:\/\/www.chambres-hotes-pessacleognan.fr\/en\/","title":{"rendered":"ACCUEIL"},"content":{"rendered":"<div class=\"lpb-clear-section\"><\/div><!-- .lpb-clear-section -->\n\n<div class=\"lpb-page-row\"><!-- .lpb-page-row -->\n<div class=\"lpb-container\"><!-- .lpb-container -->\n<div class=\"lpb-row\"><!-- .lpb-row -->\n\n<div class=\"lpb-col-12 lpb-page-item has-bg\" ><!-- .lpb-page-item -->\n\n<div class=\"lpb-item-column\" >\n\t<div class=\"lpb-item-content\"><p><img src=\"https:\/\/chambres-hotes-pessacleognan.fr\/wp-content\/uploads\/2018\/05\/Fichier-2@2x.png\" alt=\"macaron meilleur prix garanti rose-ocre aux couleurs du ch\u00e2teau\" width=\"135\" height=\"135\" class=\"alignnone  wp-image-87\" id=\"best\" \/><br \/>\n<div class=\"wp_novaresa\" id=\"wp_novaresa_shortcode\" >\r\n        <form id=\"wp_novaresa_searchform\" method=\"get\" action=\"http:\/\/www.chambres-hotes-pessacleognan.fr\/en\/tarifs-reservations\/\" role=\"form\" class=\"form-inline\">\r\n\t\t\t\t\t<div class=\"row\">\r\n\t\t\t\t<div class='form-group col-md-4 col-xs-6'>\r\n\t\t\t\t\t<label class=\"sr-only\" for=\"wp_novaresa_shortcode_date_from\">Arrival date<\/label>\r\n\t\t\t\t\t<input type=\"text\" class=\"form-control input-sm\" id=\"wp_novaresa_shortcode_date_from\" name=\"date_from\" value=\"\" autocomplete=\"off\" placeholder=\"Arrival date\" >\r\n\t\t\t\t<\/div>\r\n\t\t\t\t<div class='form-group col-md-4 col-xs-6'>\r\n\t\t\t\t\t<label class=\"sr-only\" for=\"wp_novaresa_shortcode_date_to\">Departure date<\/label>\r\n\t\t\t\t\t<input type=\"text\" class=\"form-control input-sm\" id=\"wp_novaresa_shortcode_date_to\" name=\"date_to\" value=\"\" autocomplete=\"off\" placeholder=\"Departure date\" >\r\n\t\t\t\t<\/div>\r\n\t\t\t\t\t\t\t\t<div class=\"col-md-4 col-xs-12\">\r\n\t\t\t\t\t<button type=\"submit\" class=\"btn btn-sm\" name=\"wp_novaresa_search\" value=\"1\">Book<\/button>\r\n\t\t\t\t<\/div>\r\n\t\t\t<\/div>\t\t\r\n\t\t\t\t\r\n\r\n\t\t\r\n\t<\/form>\r\n    \r\n<\/div>\n<\/div>\n<\/div>\n<\/div><!-- \/.lpb-page-item -->\n\n<\/div><!-- \/.lpb-row -->\n<\/div><!-- \/.lpb-container -->\n<\/div><!-- \/.lpb-page-row -->\n\n<div class=\"lpb-page-row\"><!-- .lpb-page-row -->\n<div class=\"lpb-container\"><!-- .lpb-container -->\n<div class=\"lpb-row\"><!-- .lpb-row -->\n\n<div class=\"lpb-col-4 lpb-page-item has-bg\" ><!-- .lpb-page-item -->\n\n<div class=\"lpb-item-column\" >\n\t<div class=\"lpb-item-content\">\n\t\t<h2 class=\"morrison-hotel-title left border-yes\">\nTHE ALLIANCE OF THE CHARM OF OLD STONES AND MODERN<\/h2>\n\n\t\t\n<\/div>\n<\/div>\n<\/div><!-- \/.lpb-page-item -->\n<div class=\"lpb-col-4 lpb-page-item has-bg\" ><!-- .lpb-page-item -->\n\n<div class=\"lpb-item-column\" >\n\t<div class=\"lpb-item-content\"><h4>The Ch\u00e2teau Pont Saint-Martin provides an ideal cadre for a stay whether as a couple or family.<\/h4>\n<p>It will provide a break from the daily grind and will allow you to replenish your spirit; Upon your arrival, take the time to discover the spacious and luminous rooms.  Conceived for your wellbeing, air conditioned, you will appreciate the calm and serene atmosphere that will enhance your relaxation.<br \/>\nThe former winemaking cellars have been completely restored and renovated to receive you in two suites and two rooms:  The quality of the installations and equipment were thought out to ensure your comfort and wellbeing.<br \/>\nOne room in the ch\u00e2teau with its own entrance and private salon completes the offer and makes use of the same equipment.<\/p>\n<\/div>\n<\/div>\n<\/div><!-- \/.lpb-page-item -->\n<div class=\"lpb-col-4 lpb-page-item has-bg\" ><!-- .lpb-page-item -->\n\n<div class=\"lpb-item-column\" >\n\t<div class=\"lpb-item-content\"><h4>A visit to the Bordeaux area in the heart of the Pessac L\u00e9ognan appellation.<\/h4>\n<p>In the center of L\u00e9ognan, not far from the city of Bordeaux, the Ch\u00e2teau Pont Saint-Martin awaits you for a weekend or a few days in an ambiance of relaxation and wellbeing.  In an environment that is composed of a 2-hectare (5-acre) garden parc, this Neo-Palladian property with its evocative colours is of a unique architecture in the entire Bordeaux area.<br \/>\nThe breakfast, access to the jacuzzi, the large pool, a visit of the vineyard property and a wine tasting is equally included in the price of your visit.<\/p>\n<\/div>\n<\/div>\n<\/div><!-- \/.lpb-page-item -->\n\n<\/div><!-- \/.lpb-row -->\n<\/div><!-- \/.lpb-container -->\n<\/div><!-- \/.lpb-page-row -->\n\n<div class=\"lpb-page-row\"><!-- .lpb-page-row -->\n<div class=\"lpb-container\"><!-- .lpb-container -->\n<div class=\"lpb-row\"><!-- .lpb-row -->\n\n<div class=\"lpb-col-12 lpb-page-item has-bg\" ><!-- .lpb-page-item -->\n\n<hr class=\"lpb-item-line\">\n<\/div><!-- \/.lpb-page-item -->\n\n<\/div><!-- \/.lpb-row -->\n<\/div><!-- \/.lpb-container -->\n<\/div><!-- \/.lpb-page-row -->\n\n<div class=\"lpb-page-row\"><!-- .lpb-page-row -->\n<div class=\"lpb-container\"><!-- .lpb-container -->\n<div class=\"lpb-row\"><!-- .lpb-row -->\n\n<div class=\"lpb-col-12 lpb-page-item has-bg\" ><!-- .lpb-page-item -->\n\n\t\t<div class=\"morrison-hotel-gallery flexslider\" data-speed=\"4000\" style=\"max-width:\">\n\t\t\t<ul class=\"slides\">\n\t\t\t\t\n\t\t\t\t\t<li>\n\t\t\t\t\t\t<img width=\"4317\" height=\"2733\" src=\"https:\/\/www.chambres-hotes-pessacleognan.fr\/wp-content\/uploads\/2018\/04\/degustation2.jpg\" class=\"attachment-full size-full\" alt=\"photo sc\u00e9naris\u00e9e de d\u00e9gustation, vin appellation Pessac L\u00e9ognan, Bordeaux\" decoding=\"async\" loading=\"lazy\" \/>\t\t\t\t\t<\/li>\n\n\t\t\t\t\n\t\t\t\t\t<li>\n\t\t\t\t\t\t<img width=\"4608\" height=\"3072\" src=\"https:\/\/www.chambres-hotes-pessacleognan.fr\/wp-content\/uploads\/2018\/04\/DSC_0053.jpg\" class=\"attachment-full size-full\" alt=\"photo d\u00e9tail mise en sc\u00e8ne avec 2 bouteilles de vin appellation Pessac L\u00e9ognan, ch\u00e2teau Pont Saint-Martin, Bordeaux, d\u00e9gustation\" decoding=\"async\" loading=\"lazy\" \/>\t\t\t\t\t<\/li>\n\n\t\t\t\t\n\t\t\t\t\t<li>\n\t\t\t\t\t\t<img width=\"4608\" height=\"3072\" src=\"https:\/\/www.chambres-hotes-pessacleognan.fr\/wp-content\/uploads\/2018\/04\/DSC_0070.jpg\" class=\"attachment-full size-full\" alt=\"photo vue d&#039;ensemble de la salle de d\u00e9gustation, vin appellation Pessac L\u00e9ognan, Bordeaux\" decoding=\"async\" loading=\"lazy\" \/>\t\t\t\t\t<\/li>\n\n\t\t\t\t\n\t\t\t\t\t<li>\n\t\t\t\t\t\t<img width=\"4608\" height=\"3072\" src=\"https:\/\/www.chambres-hotes-pessacleognan.fr\/wp-content\/uploads\/2018\/04\/DSC_0068.jpg\" class=\"attachment-full size-full\" alt=\"photo vue d&#039;ensemble de la salle de d\u00e9gustation, vin appellation Pessac L\u00e9ognan, Bordeaux\" decoding=\"async\" loading=\"lazy\" \/>\t\t\t\t\t<\/li>\n\n\t\t\t\t\n\t\t\t\t\t<li>\n\t\t\t\t\t\t<img width=\"4608\" height=\"3072\" src=\"https:\/\/www.chambres-hotes-pessacleognan.fr\/wp-content\/uploads\/2018\/04\/degustation.jpg\" class=\"attachment-full size-full\" alt=\"photo sc\u00e9naris\u00e9e de d\u00e9gustation, vin appellation Pessac L\u00e9ognan, Bordeaux\" decoding=\"async\" loading=\"lazy\" \/>\t\t\t\t\t<\/li>\n\n\t\t\t\t\n\t\t\t\t\t<li>\n\t\t\t\t\t\t<img width=\"4261\" height=\"2581\" src=\"https:\/\/www.chambres-hotes-pessacleognan.fr\/wp-content\/uploads\/2018\/04\/pontsaintmartinexterieur.jpg\" class=\"attachment-full size-full\" alt=\"photo de l&#039;ext\u00e9rieur du ch\u00e2teau avec vue sur la piscine, mise en sc\u00e8ne avec fauteuils de piscine\" decoding=\"async\" loading=\"lazy\" \/>\t\t\t\t\t<\/li>\n\n\t\t\t\t\n\t\t\t\t\t<li>\n\t\t\t\t\t\t<img width=\"4608\" height=\"3072\" src=\"https:\/\/www.chambres-hotes-pessacleognan.fr\/wp-content\/uploads\/2018\/04\/pontsaintmartin-jacuzzi2.jpg\" class=\"attachment-full size-full\" alt=\"photo d\u00e9tail de la douche du jacuzzi, fauteuil et miroir en osier avec coussins bleus et blancs, chambres d&#039;h\u00f4tes ch\u00e2teau Pont Saint-Martin, Pessac L\u00e9ognan, Bordeaux\" decoding=\"async\" loading=\"lazy\" \/>\t\t\t\t\t<\/li>\n\n\t\t\t\t\n\t\t\t\t\t<li>\n\t\t\t\t\t\t<img width=\"3742\" height=\"2631\" src=\"https:\/\/www.chambres-hotes-pessacleognan.fr\/wp-content\/uploads\/2018\/04\/pontsaintmartin-jacuzzi.jpg\" class=\"attachment-full size-full\" alt=\"photo d\u00e9tail du jacuzzi, fauteuil et miroir en osier avec coussins bleus et blancs, chambres d&#039;h\u00f4tes ch\u00e2teau Pont Saint-Martin, Pessac L\u00e9ognan, Bordeaux\" decoding=\"async\" loading=\"lazy\" \/>\t\t\t\t\t<\/li>\n\n\t\t\t\t\n\t\t\t\t\t<li>\n\t\t\t\t\t\t<img width=\"4032\" height=\"3024\" src=\"https:\/\/www.chambres-hotes-pessacleognan.fr\/wp-content\/uploads\/2018\/04\/IMG_5070-2.jpg\" class=\"attachment-full size-full\" alt=\"photo de la terrasse des chambres d&#039;h\u00f4tes devant le ch\u00e2teau Pont St Martin, mise en sc\u00e8ne avec une table dress\u00e9e et fauteuils color\u00e9s\" decoding=\"async\" loading=\"lazy\" \/>\t\t\t\t\t<\/li>\n\n\t\t\t\t\n\t\t\t\t\t<li>\n\t\t\t\t\t\t<img width=\"1200\" height=\"800\" src=\"https:\/\/www.chambres-hotes-pessacleognan.fr\/wp-content\/uploads\/2018\/03\/pontsaintmartin-e1520070867727.jpg\" class=\"attachment-full size-full\" alt=\"photo de l&#039;ext\u00e9rieur du ch\u00e2teau Pont St Martin mettant en valeur sa belle couleur rose et ocre\" decoding=\"async\" loading=\"lazy\" \/>\t\t\t\t\t<\/li>\n\n\t\t\t\t\n\t\t\t\t\t<li>\n\t\t\t\t\t\t\t\t\t\t\t<\/li>\n\n\t\t\t\t\n\t\t\t\t\t<li>\n\t\t\t\t\t\t<img width=\"2048\" height=\"1366\" src=\"https:\/\/www.chambres-hotes-pessacleognan.fr\/wp-content\/uploads\/2018\/05\/DSC02063.jpg\" class=\"attachment-full size-full\" alt=\"photo de la chambre d&#039;h\u00f4te rouge situ\u00e9e dans le ch\u00e2teau Pont Saint-Martin, Pessac L\u00e9ognan, Bordeaux, d\u00e9gustation de vin\" decoding=\"async\" loading=\"lazy\" \/>\t\t\t\t\t<\/li>\n\n\t\t\t\t\n\t\t\t\t\t<li>\n\t\t\t\t\t\t<img width=\"1366\" height=\"2048\" src=\"https:\/\/www.chambres-hotes-pessacleognan.fr\/wp-content\/uploads\/2018\/05\/DSC02067.jpg\" class=\"attachment-full size-full\" alt=\"photo d\u00e9tail de la chambre d&#039;h\u00f4te rouge situ\u00e9e dans le ch\u00e2teau Pont Saint-Martin, Pessac L\u00e9ognan, Bordeaux, d\u00e9gustation de vin\" decoding=\"async\" loading=\"lazy\" \/>\t\t\t\t\t<\/li>\n\n\t\t\t\t\n\t\t\t\t\t<li>\n\t\t\t\t\t\t<img width=\"2048\" height=\"1366\" src=\"https:\/\/www.chambres-hotes-pessacleognan.fr\/wp-content\/uploads\/2018\/05\/DSC02024.jpg\" class=\"attachment-full size-full\" alt=\"photo d\u00e9tail de la salle de bain de la chambre Ausone, chambres d&#039;h\u00f4tes du ch\u00e2teau Pont Saint-Martin, Pessac l\u00e9ognan, bordeaux, d\u00e9gustation de vin, tout confort\" decoding=\"async\" loading=\"lazy\" \/>\t\t\t\t\t<\/li>\n\n\t\t\t\t\t\t\t<\/ul>\n\t\t<\/div>\n\t<\/div><!-- \/.lpb-page-item -->\n\n<\/div><!-- \/.lpb-row -->\n<\/div><!-- \/.lpb-container -->\n<\/div><!-- \/.lpb-page-row -->\n\n<div class=\"lpb-page-row\"><!-- .lpb-page-row -->\n<div class=\"lpb-container\"><!-- .lpb-container -->\n<div class=\"lpb-row\"><!-- .lpb-row -->\n\n<div class=\"lpb-col-3 empty-column has-bg\" ><!-- .lpb-page-item -->\n<\/div><!-- \/.lpb-page-item -->\n<div class=\"lpb-col-6 lpb-page-item has-bg\" ><!-- .lpb-page-item -->\n\n<div class=\"lpb-item-column\" >\n\t<div class=\"lpb-item-content\"><div class=\"big\" style=\"text-align:center\">CHATEAU PONT SAINT-MARTIN<br \/>\n14 Avenue de Mont de Marsan, 33850 L\u00e9ognan<br \/>\n+33 5 56 64 17 15<br \/>\n+33 6 80 08 23 03<\/div>\n<\/div>\n<\/div>\n<\/div><!-- \/.lpb-page-item -->\n<div class=\"lpb-col-3 empty-column has-bg\" ><!-- .lpb-page-item -->\n<\/div><!-- \/.lpb-page-item -->\n\n<\/div><!-- \/.lpb-row -->\n<\/div><!-- \/.lpb-container -->\n<\/div><!-- \/.lpb-page-row -->\n\n<div class=\"lpb-page-row\"><!-- .lpb-page-row -->\n<div class=\"lpb-container\"><!-- .lpb-container -->\n<div class=\"lpb-row\"><!-- .lpb-row -->\n\n<div class=\"lpb-col-12 lpb-page-item has-bg\" ><!-- .lpb-page-item -->\n\n<hr class=\"lpb-item-line\">\n<\/div><!-- \/.lpb-page-item -->\n\n<\/div><!-- \/.lpb-row -->\n<\/div><!-- \/.lpb-container -->\n<\/div><!-- \/.lpb-page-row -->\n\n<div class=\"lpb-page-row\"><!-- .lpb-page-row -->\n<div class=\"lpb-container\"><!-- .lpb-container -->\n<div class=\"lpb-row\"><!-- .lpb-row -->\n\n<div class=\"lpb-col-12 lpb-page-item has-bg\" ><!-- .lpb-page-item -->\n\n<div class=\"map-canvas-wrapper\" data-hue=\"#ffffff\" data-lat=\"44.7248401\" data-lng=\"-0.6023342\" data-zoom=\"13\" data-marker=\"marker-yes\">\n\n\t<div class=\"map-canvas normal\"><\/div>\n\n<\/div>\n<\/div><!-- \/.lpb-page-item -->\n<\/div><!-- \/.lpb-row -->\n<\/div><!-- \/.lpb-container -->\n<\/div><!-- \/.lpb-page-row -->\n\n","protected":false},"excerpt":{"rendered":"<p>Arrival date Departure date Book THE ALLIANCE OF THE CHARM OF OLD STONES AND MODERN The Ch\u00e2teau Pont Saint-Martin provides an ideal cadre for a stay whether as a couple or family. It will provide a break from the daily grind and will allow you to replenish your spirit; Upon your arrival, take the time [&hellip;]<\/p>\n","protected":false},"author":4,"featured_media":0,"parent":0,"menu_order":0,"comment_status":"closed","ping_status":"closed","template":"","meta":[],"yoast_head":"<!-- This site is optimized with the Yoast SEO plugin v20.8 - https:\/\/yoast.com\/wordpress\/plugins\/seo\/ -->\n<title>ACCUEIL - Chambres d&#039;h\u00f4tes Pessac-L\u00e9ognan<\/title>\n<meta name=\"description\" content=\"accueil page du site chambres d&#039;h\u00f4tes du ch\u00e2teau Pont Saint Martin, Pessac - L\u00e9ognan, suites, SPA, d\u00e9gustation de vin, Parc ombrag\u00e9, piscine\" \/>\n<meta name=\"robots\" content=\"index, follow, max-snippet:-1, max-image-preview:large, max-video-preview:-1\" \/>\n<link rel=\"canonical\" href=\"http:\/\/www.chambres-hotes-pessacleognan.fr\/en\/\" \/>\n<meta property=\"og:locale\" content=\"en_US\" \/>\n<meta property=\"og:type\" content=\"article\" \/>\n<meta property=\"og:title\" content=\"ACCUEIL - Chambres d&#039;h\u00f4tes Pessac-L\u00e9ognan\" \/>\n<meta property=\"og:description\" content=\"accueil page du site chambres d&#039;h\u00f4tes du ch\u00e2teau Pont Saint Martin, Pessac - L\u00e9ognan, suites, SPA, d\u00e9gustation de vin, Parc ombrag\u00e9, piscine\" \/>\n<meta property=\"og:url\" content=\"http:\/\/www.chambres-hotes-pessacleognan.fr\/en\/\" \/>\n<meta property=\"og:site_name\" content=\"Chambres d&#039;h\u00f4tes Pessac-L\u00e9ognan\" \/>\n<meta property=\"article:modified_time\" content=\"2018-05-28T12:25:35+00:00\" \/>\n<meta property=\"og:image\" content=\"https:\/\/chambres-hotes-pessacleognan.fr\/wp-content\/uploads\/2018\/05\/Fichier-2@2x.png\" \/>\n<meta name=\"twitter:card\" content=\"summary_large_image\" \/>\n<meta name=\"twitter:label1\" content=\"Est. reading time\" \/>\n\t<meta name=\"twitter:data1\" content=\"1 minute\" \/>\n<script type=\"application\/ld+json\" class=\"yoast-schema-graph\">{\"@context\":\"https:\/\/schema.org\",\"@graph\":[{\"@type\":\"WebPage\",\"@id\":\"http:\/\/www.chambres-hotes-pessacleognan.fr\/en\/\",\"url\":\"http:\/\/www.chambres-hotes-pessacleognan.fr\/en\/\",\"name\":\"ACCUEIL - Chambres d&#039;h\u00f4tes Pessac-L\u00e9ognan\",\"isPartOf\":{\"@id\":\"http:\/\/www.chambres-hotes-pessacleognan.fr\/#website\"},\"datePublished\":\"2018-05-16T13:13:01+00:00\",\"dateModified\":\"2018-05-28T12:25:35+00:00\",\"description\":\"accueil page du site chambres d'h\u00f4tes du ch\u00e2teau Pont Saint Martin, Pessac - L\u00e9ognan, suites, SPA, d\u00e9gustation de vin, Parc ombrag\u00e9, piscine\",\"breadcrumb\":{\"@id\":\"http:\/\/www.chambres-hotes-pessacleognan.fr\/en\/#breadcrumb\"},\"inLanguage\":\"en-US\",\"potentialAction\":[{\"@type\":\"ReadAction\",\"target\":[\"http:\/\/www.chambres-hotes-pessacleognan.fr\/en\/\"]}]},{\"@type\":\"BreadcrumbList\",\"@id\":\"http:\/\/www.chambres-hotes-pessacleognan.fr\/en\/#breadcrumb\",\"itemListElement\":[{\"@type\":\"ListItem\",\"position\":1,\"name\":\"Accueil\",\"item\":\"http:\/\/www.chambres-hotes-pessacleognan.fr\/en\/\"},{\"@type\":\"ListItem\",\"position\":2,\"name\":\"ACCUEIL\"}]},{\"@type\":\"WebSite\",\"@id\":\"http:\/\/www.chambres-hotes-pessacleognan.fr\/#website\",\"url\":\"http:\/\/www.chambres-hotes-pessacleognan.fr\/\",\"name\":\"Chambres d&#039;h\u00f4tes Pessac-L\u00e9ognan\",\"description\":\"Bienvenue au ch\u00e2teau Pont Saint-Martin\",\"potentialAction\":[{\"@type\":\"SearchAction\",\"target\":{\"@type\":\"EntryPoint\",\"urlTemplate\":\"http:\/\/www.chambres-hotes-pessacleognan.fr\/?s={search_term_string}\"},\"query-input\":\"required name=search_term_string\"}],\"inLanguage\":\"en-US\"}]}<\/script>\n<!-- \/ Yoast SEO plugin. -->","yoast_head_json":{"title":"ACCUEIL - Chambres d&#039;h\u00f4tes Pessac-L\u00e9ognan","description":"accueil page du site chambres d'h\u00f4tes du ch\u00e2teau Pont Saint Martin, Pessac - L\u00e9ognan, suites, SPA, d\u00e9gustation de vin, Parc ombrag\u00e9, piscine","robots":{"index":"index","follow":"follow","max-snippet":"max-snippet:-1","max-image-preview":"max-image-preview:large","max-video-preview":"max-video-preview:-1"},"canonical":"http:\/\/www.chambres-hotes-pessacleognan.fr\/en\/","og_locale":"en_US","og_type":"article","og_title":"ACCUEIL - Chambres d&#039;h\u00f4tes Pessac-L\u00e9ognan","og_description":"accueil page du site chambres d'h\u00f4tes du ch\u00e2teau Pont Saint Martin, Pessac - L\u00e9ognan, suites, SPA, d\u00e9gustation de vin, Parc ombrag\u00e9, piscine","og_url":"http:\/\/www.chambres-hotes-pessacleognan.fr\/en\/","og_site_name":"Chambres d&#039;h\u00f4tes Pessac-L\u00e9ognan","article_modified_time":"2018-05-28T12:25:35+00:00","og_image":[{"url":"https:\/\/chambres-hotes-pessacleognan.fr\/wp-content\/uploads\/2018\/05\/Fichier-2@2x.png"}],"twitter_card":"summary_large_image","twitter_misc":{"Est. reading time":"1 minute"},"schema":{"@context":"https:\/\/schema.org","@graph":[{"@type":"WebPage","@id":"http:\/\/www.chambres-hotes-pessacleognan.fr\/en\/","url":"http:\/\/www.chambres-hotes-pessacleognan.fr\/en\/","name":"ACCUEIL - Chambres d&#039;h\u00f4tes Pessac-L\u00e9ognan","isPartOf":{"@id":"http:\/\/www.chambres-hotes-pessacleognan.fr\/#website"},"datePublished":"2018-05-16T13:13:01+00:00","dateModified":"2018-05-28T12:25:35+00:00","description":"accueil page du site chambres d'h\u00f4tes du ch\u00e2teau Pont Saint Martin, Pessac - L\u00e9ognan, suites, SPA, d\u00e9gustation de vin, Parc ombrag\u00e9, piscine","breadcrumb":{"@id":"http:\/\/www.chambres-hotes-pessacleognan.fr\/en\/#breadcrumb"},"inLanguage":"en-US","potentialAction":[{"@type":"ReadAction","target":["http:\/\/www.chambres-hotes-pessacleognan.fr\/en\/"]}]},{"@type":"BreadcrumbList","@id":"http:\/\/www.chambres-hotes-pessacleognan.fr\/en\/#breadcrumb","itemListElement":[{"@type":"ListItem","position":1,"name":"Accueil","item":"http:\/\/www.chambres-hotes-pessacleognan.fr\/en\/"},{"@type":"ListItem","position":2,"name":"ACCUEIL"}]},{"@type":"WebSite","@id":"http:\/\/www.chambres-hotes-pessacleognan.fr\/#website","url":"http:\/\/www.chambres-hotes-pessacleognan.fr\/","name":"Chambres d&#039;h\u00f4tes Pessac-L\u00e9ognan","description":"Bienvenue au ch\u00e2teau Pont Saint-Martin","potentialAction":[{"@type":"SearchAction","target":{"@type":"EntryPoint","urlTemplate":"http:\/\/www.chambres-hotes-pessacleognan.fr\/?s={search_term_string}"},"query-input":"required name=search_term_string"}],"inLanguage":"en-US"}]}},"_links":{"self":[{"href":"http:\/\/www.chambres-hotes-pessacleognan.fr\/en\/wp-json\/wp\/v2\/pages\/176\/"}],"collection":[{"href":"http:\/\/www.chambres-hotes-pessacleognan.fr\/en\/wp-json\/wp\/v2\/pages\/"}],"about":[{"href":"http:\/\/www.chambres-hotes-pessacleognan.fr\/en\/wp-json\/wp\/v2\/types\/page\/"}],"author":[{"embeddable":true,"href":"http:\/\/www.chambres-hotes-pessacleognan.fr\/en\/wp-json\/wp\/v2\/users\/4\/"}],"replies":[{"embeddable":true,"href":"http:\/\/www.chambres-hotes-pessacleognan.fr\/en\/wp-json\/wp\/v2\/comments\/?post=176"}],"version-history":[{"count":10,"href":"http:\/\/www.chambres-hotes-pessacleognan.fr\/en\/wp-json\/wp\/v2\/pages\/176\/revisions\/"}],"predecessor-version":[{"id":307,"href":"http:\/\/www.chambres-hotes-pessacleognan.fr\/en\/wp-json\/wp\/v2\/pages\/176\/revisions\/307\/"}],"wp:attachment":[{"href":"http:\/\/www.chambres-hotes-pessacleognan.fr\/en\/wp-json\/wp\/v2\/media\/?parent=176"}],"curies":[{"name":"wp","href":"https:\/\/api.w.org\/{rel}","templated":true}]}}