{"id":174,"date":"2018-04-27T17:12:43","date_gmt":"2018-04-27T15:12:43","guid":{"rendered":"https:\/\/chambres-hotes-pessacleognan.fr\/les-chambres\/"},"modified":"2018-05-28T12:48:23","modified_gmt":"2018-05-28T10:48:23","slug":"les-chambres","status":"publish","type":"page","link":"http:\/\/www.chambres-hotes-pessacleognan.fr\/en\/les-chambres\/","title":{"rendered":"Rooms"},"content":{"rendered":"<div class=\"hotelier room-loop room-loop--shortcode-rooms room-loop--columns-3 \">\n\t\t\t\n\t\t\t\n<ul class=\"room-loop__list\">\n\n\t\t\t\t\n\t\t\t\t\t\n<li class=\"room-loop__item room-loop__item--first room-loop__item--odd room-loop__item--columns-3 post-158 room type-room status-publish has-post-thumbnail hentry room_cat-chambre-en\">\n\n\t\n<a href=\"http:\/\/www.chambres-hotes-pessacleognan.fr\/en\/rooms\/chambre-mauriac\/\" class=\"room__thumbnail room__thumbnail--loop\">\n\t<img width=\"300\" height=\"300\" src=\"https:\/\/www.chambres-hotes-pessacleognan.fr\/wp-content\/uploads\/2018\/05\/Mauriac-n\u00b04-copie-300x300.jpg\" class=\"attachment-room_catalog size-room_catalog wp-post-image\" alt=\"\" decoding=\"async\" loading=\"lazy\" srcset=\"https:\/\/www.chambres-hotes-pessacleognan.fr\/wp-content\/uploads\/2018\/05\/Mauriac-n\u00b04-copie-300x300.jpg 300w, https:\/\/www.chambres-hotes-pessacleognan.fr\/wp-content\/uploads\/2018\/05\/Mauriac-n\u00b04-copie-150x150.jpg 150w, https:\/\/www.chambres-hotes-pessacleognan.fr\/wp-content\/uploads\/2018\/05\/Mauriac-n\u00b04-copie-75x75.jpg 75w, https:\/\/www.chambres-hotes-pessacleognan.fr\/wp-content\/uploads\/2018\/05\/Mauriac-n\u00b04-copie-600x600.jpg 600w, https:\/\/www.chambres-hotes-pessacleognan.fr\/wp-content\/uploads\/2018\/05\/Mauriac-n\u00b04-copie-570x570.jpg 570w, https:\/\/www.chambres-hotes-pessacleognan.fr\/wp-content\/uploads\/2018\/05\/Mauriac-n\u00b04-copie-320x320.jpg 320w\" sizes=\"(max-width: 300px) 100vw, 300px\" \/><\/a>\n\n<h3 class=\"room__name room__name--loop\"><a class=\"room__link room__link--loop\" href=\"http:\/\/www.chambres-hotes-pessacleognan.fr\/en\/rooms\/chambre-mauriac\/\" rel=\"bookmark\">&#8220;Mauriac&#8221;<\/a><\/h3>\n\n<span class=\"room__price room__price--loop\"><span class=\"amount\">220,00&euro;<\/span> per night<\/span>\n\n<a class=\"button button--view-room-details\" href=\"http:\/\/www.chambres-hotes-pessacleognan.fr\/en\/rooms\/chambre-mauriac\/\">View room details<\/a>\n\n<\/li>\n\n\t\t\t\t\n\t\t\t\t\t\n<li class=\"room-loop__item room-loop__item--even room-loop__item--columns-3 post-168 room type-room status-publish has-post-thumbnail hentry room_cat-chambre-en\">\n\n\t\n<a href=\"http:\/\/www.chambres-hotes-pessacleognan.fr\/en\/rooms\/chambre-ausone\/\" class=\"room__thumbnail room__thumbnail--loop\">\n\t<img width=\"300\" height=\"300\" src=\"https:\/\/www.chambres-hotes-pessacleognan.fr\/wp-content\/uploads\/2018\/05\/DSC02014-300x300.jpg\" class=\"attachment-room_catalog size-room_catalog wp-post-image\" alt=\"photo d\u00e9tail de la chambre Ausone, lit avec coussins rouge, t\u00eate de lit blanche et tapisserie ocre-rouge, chambres d&#039;h\u00f4tes ch\u00e2teau Pont Saint-Martin, Pessac L\u00e9ognan, Bordeaux, d\u00e9gustation de vin, tout confort\" decoding=\"async\" loading=\"lazy\" srcset=\"https:\/\/www.chambres-hotes-pessacleognan.fr\/wp-content\/uploads\/2018\/05\/DSC02014-300x300.jpg 300w, https:\/\/www.chambres-hotes-pessacleognan.fr\/wp-content\/uploads\/2018\/05\/DSC02014-150x150.jpg 150w, https:\/\/www.chambres-hotes-pessacleognan.fr\/wp-content\/uploads\/2018\/05\/DSC02014-570x570.jpg 570w, https:\/\/www.chambres-hotes-pessacleognan.fr\/wp-content\/uploads\/2018\/05\/DSC02014-320x320.jpg 320w\" sizes=\"(max-width: 300px) 100vw, 300px\" \/><\/a>\n\n<h3 class=\"room__name room__name--loop\"><a class=\"room__link room__link--loop\" href=\"http:\/\/www.chambres-hotes-pessacleognan.fr\/en\/rooms\/chambre-ausone\/\" rel=\"bookmark\">Ausone<\/a><\/h3>\n\n<span class=\"room__price room__price--loop\"><span class=\"amount\">220,00&euro;<\/span> per night<\/span>\n\n<a class=\"button button--view-room-details\" href=\"http:\/\/www.chambres-hotes-pessacleognan.fr\/en\/rooms\/chambre-ausone\/\">View room details<\/a>\n\n<\/li>\n\n\t\t\t\t\n\t\t\t\t\t\n<li class=\"room-loop__item room-loop__item--last room-loop__item--odd room-loop__item--columns-3 post-171 room type-room status-publish has-post-thumbnail hentry room_cat-suite-en\">\n\n\t\n<a href=\"http:\/\/www.chambres-hotes-pessacleognan.fr\/en\/rooms\/chateau\/\" class=\"room__thumbnail room__thumbnail--loop\">\n\t<img width=\"300\" height=\"300\" src=\"https:\/\/www.chambres-hotes-pessacleognan.fr\/wp-content\/uploads\/2018\/05\/Suite-Chateau-Salon-n\u00b01-300x300.jpg\" class=\"attachment-room_catalog size-room_catalog wp-post-image\" alt=\"\" decoding=\"async\" loading=\"lazy\" srcset=\"https:\/\/www.chambres-hotes-pessacleognan.fr\/wp-content\/uploads\/2018\/05\/Suite-Chateau-Salon-n\u00b01-300x300.jpg 300w, https:\/\/www.chambres-hotes-pessacleognan.fr\/wp-content\/uploads\/2018\/05\/Suite-Chateau-Salon-n\u00b01-150x150.jpg 150w, https:\/\/www.chambres-hotes-pessacleognan.fr\/wp-content\/uploads\/2018\/05\/Suite-Chateau-Salon-n\u00b01-75x75.jpg 75w, https:\/\/www.chambres-hotes-pessacleognan.fr\/wp-content\/uploads\/2018\/05\/Suite-Chateau-Salon-n\u00b01-600x600.jpg 600w, https:\/\/www.chambres-hotes-pessacleognan.fr\/wp-content\/uploads\/2018\/05\/Suite-Chateau-Salon-n\u00b01-570x570.jpg 570w, https:\/\/www.chambres-hotes-pessacleognan.fr\/wp-content\/uploads\/2018\/05\/Suite-Chateau-Salon-n\u00b01-320x320.jpg 320w\" sizes=\"(max-width: 300px) 100vw, 300px\" \/><\/a>\n\n<h3 class=\"room__name room__name--loop\"><a class=\"room__link room__link--loop\" href=\"http:\/\/www.chambres-hotes-pessacleognan.fr\/en\/rooms\/chateau\/\" rel=\"bookmark\">Ch\u00e2teau suite<\/a><\/h3>\n\n<span class=\"room__price room__price--loop\"><span class=\"amount\">430,00&euro;<\/span> per night<\/span>\n\n<a class=\"button button--view-room-details\" href=\"http:\/\/www.chambres-hotes-pessacleognan.fr\/en\/rooms\/chateau\/\">View room details<\/a>\n\n<\/li>\n\n\t\t\t\t\n\t\t\t\t\t\n<li class=\"room-loop__item room-loop__item--first room-loop__item--even room-loop__item--columns-3 post-154 room type-room status-publish has-post-thumbnail hentry room_cat-suite-en\">\n\n\t\n<a href=\"http:\/\/www.chambres-hotes-pessacleognan.fr\/en\/rooms\/chambre-montaigne\/\" class=\"room__thumbnail room__thumbnail--loop\">\n\t<img width=\"300\" height=\"300\" src=\"https:\/\/www.chambres-hotes-pessacleognan.fr\/wp-content\/uploads\/2018\/03\/Montaigne-n\u00b02-copie-300x300.jpg\" class=\"attachment-room_catalog size-room_catalog wp-post-image\" alt=\"\" decoding=\"async\" loading=\"lazy\" srcset=\"https:\/\/www.chambres-hotes-pessacleognan.fr\/wp-content\/uploads\/2018\/03\/Montaigne-n\u00b02-copie-300x300.jpg 300w, https:\/\/www.chambres-hotes-pessacleognan.fr\/wp-content\/uploads\/2018\/03\/Montaigne-n\u00b02-copie-150x150.jpg 150w, https:\/\/www.chambres-hotes-pessacleognan.fr\/wp-content\/uploads\/2018\/03\/Montaigne-n\u00b02-copie-75x75.jpg 75w, https:\/\/www.chambres-hotes-pessacleognan.fr\/wp-content\/uploads\/2018\/03\/Montaigne-n\u00b02-copie-600x600.jpg 600w, https:\/\/www.chambres-hotes-pessacleognan.fr\/wp-content\/uploads\/2018\/03\/Montaigne-n\u00b02-copie-570x570.jpg 570w, https:\/\/www.chambres-hotes-pessacleognan.fr\/wp-content\/uploads\/2018\/03\/Montaigne-n\u00b02-copie-320x320.jpg 320w\" sizes=\"(max-width: 300px) 100vw, 300px\" \/><\/a>\n\n<h3 class=\"room__name room__name--loop\"><a class=\"room__link room__link--loop\" href=\"http:\/\/www.chambres-hotes-pessacleognan.fr\/en\/rooms\/chambre-montaigne\/\" rel=\"bookmark\">Suite &#8220;Montaigne&#8221;<\/a><\/h3>\n\n<span class=\"room__price room__price--loop\"><span class=\"amount\">320,00&euro;<\/span> per night<\/span>\n\n<a class=\"button button--view-room-details\" href=\"http:\/\/www.chambres-hotes-pessacleognan.fr\/en\/rooms\/chambre-montaigne\/\">View room details<\/a>\n\n<\/li>\n\n\t\t\t\t\n\t\t\t\t\t\n<li class=\"room-loop__item room-loop__item--odd room-loop__item--columns-3 post-153 room type-room status-publish has-post-thumbnail hentry room_cat-suite-en\">\n\n\t\n<a href=\"http:\/\/www.chambres-hotes-pessacleognan.fr\/en\/rooms\/suite-montaigne\/\" class=\"room__thumbnail room__thumbnail--loop\">\n\t<img width=\"300\" height=\"300\" src=\"https:\/\/www.chambres-hotes-pessacleognan.fr\/wp-content\/uploads\/2018\/03\/Montesquieu-n\u00b08-300x300.jpg\" class=\"attachment-room_catalog size-room_catalog wp-post-image\" alt=\"\" decoding=\"async\" loading=\"lazy\" srcset=\"https:\/\/www.chambres-hotes-pessacleognan.fr\/wp-content\/uploads\/2018\/03\/Montesquieu-n\u00b08-300x300.jpg 300w, https:\/\/www.chambres-hotes-pessacleognan.fr\/wp-content\/uploads\/2018\/03\/Montesquieu-n\u00b08-150x150.jpg 150w, https:\/\/www.chambres-hotes-pessacleognan.fr\/wp-content\/uploads\/2018\/03\/Montesquieu-n\u00b08-75x75.jpg 75w, https:\/\/www.chambres-hotes-pessacleognan.fr\/wp-content\/uploads\/2018\/03\/Montesquieu-n\u00b08-600x600.jpg 600w, https:\/\/www.chambres-hotes-pessacleognan.fr\/wp-content\/uploads\/2018\/03\/Montesquieu-n\u00b08-570x570.jpg 570w, https:\/\/www.chambres-hotes-pessacleognan.fr\/wp-content\/uploads\/2018\/03\/Montesquieu-n\u00b08-320x320.jpg 320w\" sizes=\"(max-width: 300px) 100vw, 300px\" \/><\/a>\n\n<h3 class=\"room__name room__name--loop\"><a class=\"room__link room__link--loop\" href=\"http:\/\/www.chambres-hotes-pessacleognan.fr\/en\/rooms\/suite-montaigne\/\" rel=\"bookmark\">Suite &#8220;Montesquieu&#8221;<\/a><\/h3>\n\n<span class=\"room__price room__price--loop\"><span class=\"amount\">320,00&euro;<\/span> per night<\/span>\n\n<a class=\"button button--view-room-details\" href=\"http:\/\/www.chambres-hotes-pessacleognan.fr\/en\/rooms\/suite-montaigne\/\">View room details<\/a>\n\n<\/li>\n\n\t\t\t\t\n\t\t\t\n<\/ul>\n\n\t\t\t\n\t\t\t\n\t\t<\/div>\n","protected":false},"excerpt":{"rendered":"","protected":false},"author":4,"featured_media":0,"parent":0,"menu_order":0,"comment_status":"closed","ping_status":"closed","template":"","meta":[],"yoast_head":"<!-- This site is optimized with the Yoast SEO plugin v20.8 - https:\/\/yoast.com\/wordpress\/plugins\/seo\/ -->\n<title>Rooms - Chambres d&#039;h\u00f4tes Pessac-L\u00e9ognan<\/title>\n<meta name=\"description\" content=\"page d&#039;appel de la liste des chambres et suites disponibles, chambres d&#039;h\u00f4tes du ch\u00e2teau Pont Saint-Martin, Pessac L\u00e9ognan, 33850, Bordeaux, France, tout confort, r\u00e9servation booking, novaresa, piscine et jacuzzi, d\u00e9gustation de vin\" \/>\n<meta name=\"robots\" content=\"index, follow, max-snippet:-1, max-image-preview:large, max-video-preview:-1\" \/>\n<link rel=\"canonical\" href=\"http:\/\/www.chambres-hotes-pessacleognan.fr\/en\/les-chambres\/\" \/>\n<meta property=\"og:locale\" content=\"en_US\" \/>\n<meta property=\"og:type\" content=\"article\" \/>\n<meta property=\"og:title\" content=\"Rooms - Chambres d&#039;h\u00f4tes Pessac-L\u00e9ognan\" \/>\n<meta property=\"og:description\" content=\"page d&#039;appel de la liste des chambres et suites disponibles, chambres d&#039;h\u00f4tes du ch\u00e2teau Pont Saint-Martin, Pessac L\u00e9ognan, 33850, Bordeaux, France, tout confort, r\u00e9servation booking, novaresa, piscine et jacuzzi, d\u00e9gustation de vin\" \/>\n<meta property=\"og:url\" content=\"http:\/\/www.chambres-hotes-pessacleognan.fr\/en\/les-chambres\/\" \/>\n<meta property=\"og:site_name\" content=\"Chambres d&#039;h\u00f4tes Pessac-L\u00e9ognan\" \/>\n<meta property=\"article:modified_time\" content=\"2018-05-28T10:48:23+00:00\" \/>\n<meta name=\"twitter:card\" content=\"summary_large_image\" \/>\n<script type=\"application\/ld+json\" class=\"yoast-schema-graph\">{\"@context\":\"https:\/\/schema.org\",\"@graph\":[{\"@type\":\"WebPage\",\"@id\":\"http:\/\/www.chambres-hotes-pessacleognan.fr\/en\/les-chambres\/\",\"url\":\"http:\/\/www.chambres-hotes-pessacleognan.fr\/en\/les-chambres\/\",\"name\":\"Rooms - Chambres d&#039;h\u00f4tes Pessac-L\u00e9ognan\",\"isPartOf\":{\"@id\":\"http:\/\/www.chambres-hotes-pessacleognan.fr\/#website\"},\"datePublished\":\"2018-04-27T15:12:43+00:00\",\"dateModified\":\"2018-05-28T10:48:23+00:00\",\"description\":\"page d'appel de la liste des chambres et suites disponibles, chambres d'h\u00f4tes du ch\u00e2teau Pont Saint-Martin, Pessac L\u00e9ognan, 33850, Bordeaux, France, tout confort, r\u00e9servation booking, novaresa, piscine et jacuzzi, d\u00e9gustation de vin\",\"breadcrumb\":{\"@id\":\"http:\/\/www.chambres-hotes-pessacleognan.fr\/en\/les-chambres\/#breadcrumb\"},\"inLanguage\":\"en-US\",\"potentialAction\":[{\"@type\":\"ReadAction\",\"target\":[\"http:\/\/www.chambres-hotes-pessacleognan.fr\/en\/les-chambres\/\"]}]},{\"@type\":\"BreadcrumbList\",\"@id\":\"http:\/\/www.chambres-hotes-pessacleognan.fr\/en\/les-chambres\/#breadcrumb\",\"itemListElement\":[{\"@type\":\"ListItem\",\"position\":1,\"name\":\"Accueil\",\"item\":\"http:\/\/www.chambres-hotes-pessacleognan.fr\/en\/\"},{\"@type\":\"ListItem\",\"position\":2,\"name\":\"Rooms\"}]},{\"@type\":\"WebSite\",\"@id\":\"http:\/\/www.chambres-hotes-pessacleognan.fr\/#website\",\"url\":\"http:\/\/www.chambres-hotes-pessacleognan.fr\/\",\"name\":\"Chambres d&#039;h\u00f4tes Pessac-L\u00e9ognan\",\"description\":\"Bienvenue au ch\u00e2teau Pont Saint-Martin\",\"potentialAction\":[{\"@type\":\"SearchAction\",\"target\":{\"@type\":\"EntryPoint\",\"urlTemplate\":\"http:\/\/www.chambres-hotes-pessacleognan.fr\/?s={search_term_string}\"},\"query-input\":\"required name=search_term_string\"}],\"inLanguage\":\"en-US\"}]}<\/script>\n<!-- \/ Yoast SEO plugin. -->","yoast_head_json":{"title":"Rooms - Chambres d&#039;h\u00f4tes Pessac-L\u00e9ognan","description":"page d'appel de la liste des chambres et suites disponibles, chambres d'h\u00f4tes du ch\u00e2teau Pont Saint-Martin, Pessac L\u00e9ognan, 33850, Bordeaux, France, tout confort, r\u00e9servation booking, novaresa, piscine et jacuzzi, d\u00e9gustation de vin","robots":{"index":"index","follow":"follow","max-snippet":"max-snippet:-1","max-image-preview":"max-image-preview:large","max-video-preview":"max-video-preview:-1"},"canonical":"http:\/\/www.chambres-hotes-pessacleognan.fr\/en\/les-chambres\/","og_locale":"en_US","og_type":"article","og_title":"Rooms - Chambres d&#039;h\u00f4tes Pessac-L\u00e9ognan","og_description":"page d'appel de la liste des chambres et suites disponibles, chambres d'h\u00f4tes du ch\u00e2teau Pont Saint-Martin, Pessac L\u00e9ognan, 33850, Bordeaux, France, tout confort, r\u00e9servation booking, novaresa, piscine et jacuzzi, d\u00e9gustation de vin","og_url":"http:\/\/www.chambres-hotes-pessacleognan.fr\/en\/les-chambres\/","og_site_name":"Chambres d&#039;h\u00f4tes Pessac-L\u00e9ognan","article_modified_time":"2018-05-28T10:48:23+00:00","twitter_card":"summary_large_image","schema":{"@context":"https:\/\/schema.org","@graph":[{"@type":"WebPage","@id":"http:\/\/www.chambres-hotes-pessacleognan.fr\/en\/les-chambres\/","url":"http:\/\/www.chambres-hotes-pessacleognan.fr\/en\/les-chambres\/","name":"Rooms - Chambres d&#039;h\u00f4tes Pessac-L\u00e9ognan","isPartOf":{"@id":"http:\/\/www.chambres-hotes-pessacleognan.fr\/#website"},"datePublished":"2018-04-27T15:12:43+00:00","dateModified":"2018-05-28T10:48:23+00:00","description":"page d'appel de la liste des chambres et suites disponibles, chambres d'h\u00f4tes du ch\u00e2teau Pont Saint-Martin, Pessac L\u00e9ognan, 33850, Bordeaux, France, tout confort, r\u00e9servation booking, novaresa, piscine et jacuzzi, d\u00e9gustation de vin","breadcrumb":{"@id":"http:\/\/www.chambres-hotes-pessacleognan.fr\/en\/les-chambres\/#breadcrumb"},"inLanguage":"en-US","potentialAction":[{"@type":"ReadAction","target":["http:\/\/www.chambres-hotes-pessacleognan.fr\/en\/les-chambres\/"]}]},{"@type":"BreadcrumbList","@id":"http:\/\/www.chambres-hotes-pessacleognan.fr\/en\/les-chambres\/#breadcrumb","itemListElement":[{"@type":"ListItem","position":1,"name":"Accueil","item":"http:\/\/www.chambres-hotes-pessacleognan.fr\/en\/"},{"@type":"ListItem","position":2,"name":"Rooms"}]},{"@type":"WebSite","@id":"http:\/\/www.chambres-hotes-pessacleognan.fr\/#website","url":"http:\/\/www.chambres-hotes-pessacleognan.fr\/","name":"Chambres d&#039;h\u00f4tes Pessac-L\u00e9ognan","description":"Bienvenue au ch\u00e2teau Pont Saint-Martin","potentialAction":[{"@type":"SearchAction","target":{"@type":"EntryPoint","urlTemplate":"http:\/\/www.chambres-hotes-pessacleognan.fr\/?s={search_term_string}"},"query-input":"required name=search_term_string"}],"inLanguage":"en-US"}]}},"_links":{"self":[{"href":"http:\/\/www.chambres-hotes-pessacleognan.fr\/en\/wp-json\/wp\/v2\/pages\/174\/"}],"collection":[{"href":"http:\/\/www.chambres-hotes-pessacleognan.fr\/en\/wp-json\/wp\/v2\/pages\/"}],"about":[{"href":"http:\/\/www.chambres-hotes-pessacleognan.fr\/en\/wp-json\/wp\/v2\/types\/page\/"}],"author":[{"embeddable":true,"href":"http:\/\/www.chambres-hotes-pessacleognan.fr\/en\/wp-json\/wp\/v2\/users\/4\/"}],"replies":[{"embeddable":true,"href":"http:\/\/www.chambres-hotes-pessacleognan.fr\/en\/wp-json\/wp\/v2\/comments\/?post=174"}],"version-history":[{"count":2,"href":"http:\/\/www.chambres-hotes-pessacleognan.fr\/en\/wp-json\/wp\/v2\/pages\/174\/revisions\/"}],"predecessor-version":[{"id":277,"href":"http:\/\/www.chambres-hotes-pessacleognan.fr\/en\/wp-json\/wp\/v2\/pages\/174\/revisions\/277\/"}],"wp:attachment":[{"href":"http:\/\/www.chambres-hotes-pessacleognan.fr\/en\/wp-json\/wp\/v2\/media\/?parent=174"}],"curies":[{"name":"wp","href":"https:\/\/api.w.org\/{rel}","templated":true}]}}