{"id":140,"date":"2018-04-27T17:14:43","date_gmt":"2018-04-27T15:14:43","guid":{"rendered":"https:\/\/chambres-hotes-pessacleognan.fr\/?page_id=140"},"modified":"2018-05-28T13:42:13","modified_gmt":"2018-05-28T11:42:13","slug":"contactez-nous-2","status":"publish","type":"page","link":"http:\/\/www.chambres-hotes-pessacleognan.fr\/en\/contactez-nous-2\/","title":{"rendered":"Contact us"},"content":{"rendered":"\n\t\t<div class=\"morrison-hotel-column morrison-hotel-column-one-half \">\n\t\t\t\n<p><img loading=\"lazy\" class=\"alignnone size-full wp-image-72\" src=\"https:\/\/chambres-hotes-pessacleognan.fr\/wp-content\/uploads\/2018\/04\/DSC_0068.jpg\" alt=\"\" width=\"4608\" height=\"3072\" \/><\/p>\n<h3 style=\"text-transform: uppercase\">Ch\u00e2teau Pont Saint-Martin<\/h3>\n<p>14, Avenue de Mont-de-Marsan, 33850 L\u00e9ognan, France<\/p>\n<p><strong>T\u00e9l. +33 5 56 64 17 15 \/ +33 6 80 08 23 03<\/strong><\/p>\n\t\t<\/div>\n\n\t\t\n\n\t\t<div class=\"morrison-hotel-column morrison-hotel-column-one-half morrison-hotel-last-column\">\n\t\t\t\n<p>Lorem ipsum dolor sit amet&#8230;<\/p>\n\t\t<\/div>\n\n\t\t\t\t\t<div class=\"clear\"><\/div>\n\t\t\n<h5>Post your message :<\/h5>\n\n<div class=\"wpcf7 no-js\" id=\"wpcf7-f296-o1\" lang=\"fr-FR\" dir=\"ltr\">\n<div class=\"screen-reader-response\"><p role=\"status\" aria-live=\"polite\" aria-atomic=\"true\"><\/p> <ul><\/ul><\/div>\n<form action=\"\/en\/wp-json\/wp\/v2\/pages\/140\/#wpcf7-f296-o1\" method=\"post\" class=\"wpcf7-form init\" aria-label=\"Formulaire de contact\" novalidate=\"novalidate\" data-status=\"init\">\n<div style=\"display: none;\">\n<input type=\"hidden\" name=\"_wpcf7\" value=\"296\" \/>\n<input type=\"hidden\" name=\"_wpcf7_version\" value=\"5.7.6\" \/>\n<input type=\"hidden\" name=\"_wpcf7_locale\" value=\"fr_FR\" \/>\n<input type=\"hidden\" name=\"_wpcf7_unit_tag\" value=\"wpcf7-f296-o1\" \/>\n<input type=\"hidden\" name=\"_wpcf7_container_post\" value=\"0\" \/>\n<input type=\"hidden\" name=\"_wpcf7_posted_data_hash\" value=\"\" \/>\n<input type=\"hidden\" name=\"_wpcf7_recaptcha_response\" value=\"\" \/>\n<\/div>\n<p><label> Your name (required)<span class=\"wpcf7-form-control-wrap\" data-name=\"text-996\"><input size=\"40\" class=\"wpcf7-form-control wpcf7-text wpcf7-validates-as-required\" aria-required=\"true\" aria-invalid=\"false\" value=\"\" type=\"text\" name=\"text-996\" \/><\/span><br \/>\n<\/label>\n<\/p>\n<p><label> Your email (required)<br \/>\n<span class=\"wpcf7-form-control-wrap\" data-name=\"email-352\"><input size=\"40\" class=\"wpcf7-form-control wpcf7-text wpcf7-email wpcf7-validates-as-required wpcf7-validates-as-email\" aria-required=\"true\" aria-invalid=\"false\" placeholder=\"Email\" value=\"\" type=\"email\" name=\"email-352\" \/><\/span> <\/label>\n<\/p>\n<p><label><span class=\"wpcf7-form-control-wrap\" data-name=\"textarea-782\"><textarea cols=\"40\" rows=\"10\" class=\"wpcf7-form-control wpcf7-textarea wpcf7-validates-as-required\" aria-required=\"true\" aria-invalid=\"false\" placeholder=\"Your message\" name=\"textarea-782\"><\/textarea><\/span><\/label>\n<\/p>\n<p><input class=\"wpcf7-form-control has-spinner wpcf7-submit\" type=\"submit\" value=\"SUBMIT\" \/>\n<\/p><div class=\"wpcf7-response-output\" aria-hidden=\"true\"><\/div>\n<\/form>\n<\/div>\n\n","protected":false},"excerpt":{"rendered":"<p>Post your message :<\/p>\n","protected":false},"author":4,"featured_media":0,"parent":0,"menu_order":0,"comment_status":"closed","ping_status":"closed","template":"","meta":[],"yoast_head":"<!-- This site is optimized with the Yoast SEO plugin v20.8 - https:\/\/yoast.com\/wordpress\/plugins\/seo\/ -->\n<title>Contact us - Chambres d&#039;h\u00f4tes Pessac-L\u00e9ognan<\/title>\n<meta name=\"description\" content=\"laissez-nous un message, page de contact et de FAQ concernant les r\u00e9servations de chambres d&#039;h\u00f4tes au Ch\u00e2teau Pont Saint-Martin, Pessac L\u00e9ognan 33850, Bordeaux, France, d\u00e9gustation de vin, piscine, SPA\" \/>\n<meta name=\"robots\" content=\"index, follow, max-snippet:-1, max-image-preview:large, max-video-preview:-1\" \/>\n<link rel=\"canonical\" href=\"http:\/\/www.chambres-hotes-pessacleognan.fr\/en\/contactez-nous-2\/\" \/>\n<meta property=\"og:locale\" content=\"en_US\" \/>\n<meta property=\"og:type\" content=\"article\" \/>\n<meta property=\"og:title\" content=\"Contact us - Chambres d&#039;h\u00f4tes Pessac-L\u00e9ognan\" \/>\n<meta property=\"og:description\" content=\"laissez-nous un message, page de contact et de FAQ concernant les r\u00e9servations de chambres d&#039;h\u00f4tes au Ch\u00e2teau Pont Saint-Martin, Pessac L\u00e9ognan 33850, Bordeaux, France, d\u00e9gustation de vin, piscine, SPA\" \/>\n<meta property=\"og:url\" content=\"http:\/\/www.chambres-hotes-pessacleognan.fr\/en\/contactez-nous-2\/\" \/>\n<meta property=\"og:site_name\" content=\"Chambres d&#039;h\u00f4tes Pessac-L\u00e9ognan\" \/>\n<meta property=\"article:modified_time\" content=\"2018-05-28T11:42:13+00:00\" \/>\n<meta property=\"og:image\" content=\"https:\/\/chambres-hotes-pessacleognan.fr\/wp-content\/uploads\/2018\/04\/DSC_0068.jpg\" \/>\n<meta name=\"twitter:card\" content=\"summary_large_image\" \/>\n<script type=\"application\/ld+json\" class=\"yoast-schema-graph\">{\"@context\":\"https:\/\/schema.org\",\"@graph\":[{\"@type\":\"WebPage\",\"@id\":\"http:\/\/www.chambres-hotes-pessacleognan.fr\/en\/contactez-nous-2\/\",\"url\":\"http:\/\/www.chambres-hotes-pessacleognan.fr\/en\/contactez-nous-2\/\",\"name\":\"Contact us - Chambres d&#039;h\u00f4tes Pessac-L\u00e9ognan\",\"isPartOf\":{\"@id\":\"https:\/\/www.chambres-hotes-pessacleognan.fr\/#website\"},\"datePublished\":\"2018-04-27T15:14:43+00:00\",\"dateModified\":\"2018-05-28T11:42:13+00:00\",\"description\":\"laissez-nous un message, page de contact et de FAQ concernant les r\u00e9servations de chambres d'h\u00f4tes au Ch\u00e2teau Pont Saint-Martin, Pessac L\u00e9ognan 33850, Bordeaux, France, d\u00e9gustation de vin, piscine, SPA\",\"breadcrumb\":{\"@id\":\"http:\/\/www.chambres-hotes-pessacleognan.fr\/en\/contactez-nous-2\/#breadcrumb\"},\"inLanguage\":\"en-US\",\"potentialAction\":[{\"@type\":\"ReadAction\",\"target\":[\"http:\/\/www.chambres-hotes-pessacleognan.fr\/en\/contactez-nous-2\/\"]}]},{\"@type\":\"BreadcrumbList\",\"@id\":\"http:\/\/www.chambres-hotes-pessacleognan.fr\/en\/contactez-nous-2\/#breadcrumb\",\"itemListElement\":[{\"@type\":\"ListItem\",\"position\":1,\"name\":\"Accueil\",\"item\":\"http:\/\/www.chambres-hotes-pessacleognan.fr\/en\/\"},{\"@type\":\"ListItem\",\"position\":2,\"name\":\"Contact us\"}]},{\"@type\":\"WebSite\",\"@id\":\"https:\/\/www.chambres-hotes-pessacleognan.fr\/#website\",\"url\":\"https:\/\/www.chambres-hotes-pessacleognan.fr\/\",\"name\":\"Chambres d&#039;h\u00f4tes Pessac-L\u00e9ognan\",\"description\":\"Bienvenue au ch\u00e2teau Pont Saint-Martin\",\"potentialAction\":[{\"@type\":\"SearchAction\",\"target\":{\"@type\":\"EntryPoint\",\"urlTemplate\":\"https:\/\/www.chambres-hotes-pessacleognan.fr\/?s={search_term_string}\"},\"query-input\":\"required name=search_term_string\"}],\"inLanguage\":\"en-US\"}]}<\/script>\n<!-- \/ Yoast SEO plugin. -->","yoast_head_json":{"title":"Contact us - Chambres d&#039;h\u00f4tes Pessac-L\u00e9ognan","description":"laissez-nous un message, page de contact et de FAQ concernant les r\u00e9servations de chambres d'h\u00f4tes au Ch\u00e2teau Pont Saint-Martin, Pessac L\u00e9ognan 33850, Bordeaux, France, d\u00e9gustation de vin, piscine, SPA","robots":{"index":"index","follow":"follow","max-snippet":"max-snippet:-1","max-image-preview":"max-image-preview:large","max-video-preview":"max-video-preview:-1"},"canonical":"http:\/\/www.chambres-hotes-pessacleognan.fr\/en\/contactez-nous-2\/","og_locale":"en_US","og_type":"article","og_title":"Contact us - Chambres d&#039;h\u00f4tes Pessac-L\u00e9ognan","og_description":"laissez-nous un message, page de contact et de FAQ concernant les r\u00e9servations de chambres d'h\u00f4tes au Ch\u00e2teau Pont Saint-Martin, Pessac L\u00e9ognan 33850, Bordeaux, France, d\u00e9gustation de vin, piscine, SPA","og_url":"http:\/\/www.chambres-hotes-pessacleognan.fr\/en\/contactez-nous-2\/","og_site_name":"Chambres d&#039;h\u00f4tes Pessac-L\u00e9ognan","article_modified_time":"2018-05-28T11:42:13+00:00","og_image":[{"url":"https:\/\/chambres-hotes-pessacleognan.fr\/wp-content\/uploads\/2018\/04\/DSC_0068.jpg"}],"twitter_card":"summary_large_image","schema":{"@context":"https:\/\/schema.org","@graph":[{"@type":"WebPage","@id":"http:\/\/www.chambres-hotes-pessacleognan.fr\/en\/contactez-nous-2\/","url":"http:\/\/www.chambres-hotes-pessacleognan.fr\/en\/contactez-nous-2\/","name":"Contact us - Chambres d&#039;h\u00f4tes Pessac-L\u00e9ognan","isPartOf":{"@id":"https:\/\/www.chambres-hotes-pessacleognan.fr\/#website"},"datePublished":"2018-04-27T15:14:43+00:00","dateModified":"2018-05-28T11:42:13+00:00","description":"laissez-nous un message, page de contact et de FAQ concernant les r\u00e9servations de chambres d'h\u00f4tes au Ch\u00e2teau Pont Saint-Martin, Pessac L\u00e9ognan 33850, Bordeaux, France, d\u00e9gustation de vin, piscine, SPA","breadcrumb":{"@id":"http:\/\/www.chambres-hotes-pessacleognan.fr\/en\/contactez-nous-2\/#breadcrumb"},"inLanguage":"en-US","potentialAction":[{"@type":"ReadAction","target":["http:\/\/www.chambres-hotes-pessacleognan.fr\/en\/contactez-nous-2\/"]}]},{"@type":"BreadcrumbList","@id":"http:\/\/www.chambres-hotes-pessacleognan.fr\/en\/contactez-nous-2\/#breadcrumb","itemListElement":[{"@type":"ListItem","position":1,"name":"Accueil","item":"http:\/\/www.chambres-hotes-pessacleognan.fr\/en\/"},{"@type":"ListItem","position":2,"name":"Contact us"}]},{"@type":"WebSite","@id":"https:\/\/www.chambres-hotes-pessacleognan.fr\/#website","url":"https:\/\/www.chambres-hotes-pessacleognan.fr\/","name":"Chambres d&#039;h\u00f4tes Pessac-L\u00e9ognan","description":"Bienvenue au ch\u00e2teau Pont Saint-Martin","potentialAction":[{"@type":"SearchAction","target":{"@type":"EntryPoint","urlTemplate":"https:\/\/www.chambres-hotes-pessacleognan.fr\/?s={search_term_string}"},"query-input":"required name=search_term_string"}],"inLanguage":"en-US"}]}},"_links":{"self":[{"href":"http:\/\/www.chambres-hotes-pessacleognan.fr\/en\/wp-json\/wp\/v2\/pages\/140\/"}],"collection":[{"href":"http:\/\/www.chambres-hotes-pessacleognan.fr\/en\/wp-json\/wp\/v2\/pages\/"}],"about":[{"href":"http:\/\/www.chambres-hotes-pessacleognan.fr\/en\/wp-json\/wp\/v2\/types\/page\/"}],"author":[{"embeddable":true,"href":"http:\/\/www.chambres-hotes-pessacleognan.fr\/en\/wp-json\/wp\/v2\/users\/4\/"}],"replies":[{"embeddable":true,"href":"http:\/\/www.chambres-hotes-pessacleognan.fr\/en\/wp-json\/wp\/v2\/comments\/?post=140"}],"version-history":[{"count":5,"href":"http:\/\/www.chambres-hotes-pessacleognan.fr\/en\/wp-json\/wp\/v2\/pages\/140\/revisions\/"}],"predecessor-version":[{"id":297,"href":"http:\/\/www.chambres-hotes-pessacleognan.fr\/en\/wp-json\/wp\/v2\/pages\/140\/revisions\/297\/"}],"wp:attachment":[{"href":"http:\/\/www.chambres-hotes-pessacleognan.fr\/en\/wp-json\/wp\/v2\/media\/?parent=140"}],"curies":[{"name":"wp","href":"https:\/\/api.w.org\/{rel}","templated":true}]}}